{"id":336,"date":"2020-06-02T17:42:26","date_gmt":"2020-06-02T15:42:26","guid":{"rendered":"http:\/\/omega-convert.com\/?page_id=336"},"modified":"2025-01-17T14:19:23","modified_gmt":"2025-01-17T13:19:23","slug":"contact","status":"publish","type":"page","link":"https:\/\/omega-convert.com\/en\/contact\/","title":{"rendered":"Contact"},"content":{"rendered":"<h3><img loading=\"lazy\" decoding=\"async\" class=\"alignright wp-image-458 size-full\" src=\"http:\/\/omega-convert.com\/wp-content\/uploads\/2020\/06\/IMG_3006th.jpg\" alt=\"\" width=\"444\" height=\"333\" srcset=\"https:\/\/omega-convert.com\/wp-content\/uploads\/2020\/06\/IMG_3006th.jpg 444w, https:\/\/omega-convert.com\/wp-content\/uploads\/2020\/06\/IMG_3006th-300x225.jpg 300w\" sizes=\"auto, (max-width: 444px) 100vw, 444px\" \/>Omega Ho\u0159ovice spol. s r. o.<\/h3>\n<p>Company Head Office: Pod N\u00e1dra\u017e\u00edm 1413\/30, Ho\u0159ovice 268 01<\/p>\n<p>ID No.: 26429781, VAT ID: CZ26429781<\/p>\n<p>The company is registered in the Trade Register administered by the Municipal Court in Prague, File C, File ref. 81623.<\/p>\n<h3>Not sure\u2026<\/h3>\n<ul>\n<li>what job opportunities do we offer?<\/li>\n<li>what\u00b4s the best way to write an inquiry?<\/li>\n<li>whether we can handle your special requirements?<\/li>\n<li>whether we will manage to make your order on time?<\/li>\n<\/ul>\n<p>Ask us. We\u00b4re here for you!<br \/>\nWrite us an email on <a href=\"mailto:info@omega-convert.com\">info@omega-convert.com<\/a> , or call +420 311 510 051. You can also contact a selected person from our team.<\/p>\n<h3>Where to find us?<\/h3>\n<p>You will find us only 4 km from exit No. 34 of the E50\/D5 motorway.<\/p>\n<p><iframe loading=\"lazy\" style=\"border: none;\" src=\"https:\/\/frame.mapy.cz\/s\/lurojerege\" width=\"100%\" height=\"350\" frameborder=\"0\" data-mce-fragment=\"1\"><span data-mce-type=\"bookmark\" style=\"display: inline-block; width: 0px; overflow: hidden; line-height: 0;\" class=\"mce_SELRES_start\">\ufeff<\/span><\/iframe><\/p>\n<h3>Departments<\/h3>\n<div class=\"gca-column one-half first\"><\/div>\n<h4><strong>Customer service and production preparation department:<\/strong><\/h4>\n<p><strong>Romana Cibulov\u00e1<br \/>\n<\/strong>customer service<br \/>\nromana.cibulova@omega-convert.com<br \/>\ntel.: +420 311 516 241<\/p>\n<p><strong>Michaela Hn\u00edzdilov\u00e1<br \/>\n<\/strong>customer service<br \/>\nmichaela.hnizdilova@omega-convert.com<br \/>\ntel.: +420 311 516 241<\/p>\n<p><strong>Kl\u00e1ra Krej\u010dov\u00e1<br \/>\n<\/strong>customer service<br \/>\nklara.krejcova@omega-convert.com<br \/>\ntel.: +420 311 516 241<\/p>\n<h4><\/h4>\n<h4>Production and technical department:<\/h4>\n<p><strong>Milan And\u011bl<br \/>\n<\/strong>production leader<br \/>\nmilan.andel@omega-convert.com<br \/>\ntel.: +420 311 516 243, +420 773 314 538<\/p>\n<p><strong>Michal J\u00edlek<br \/>\n<\/strong>head of the technical department<br \/>\nudrzba@omega-convert.com<\/p>\n<p><strong>Tom\u00e1\u0161 \u0160raga<br \/>\n<\/strong>production foreman<br \/>\ntomas.sraga@omega-convert.com<br \/>\ntel.: +420 311 516 243<\/p>\n<p>&nbsp;<\/p>\n<h4>Human resource:<\/h4>\n<p><strong>Mgr. Bc. Alexandra \u0160lajsnov\u00e1<br \/>\n<\/strong>head of the department<br \/>\nalexandra.slajsnova@omega-convert.com<br \/>\ntel.: + 420\u00a0311 516 244<\/p>\n<p><strong>Nina Jansk<\/strong><strong>\u00e1<br \/>\n<\/strong>HR support and recruiting organisation<br \/>\nasistent@omega-convert.com<br \/>\ntel.: +420 311 510 213<\/p>\n<p>&nbsp;<\/p>\n<h4>Top management:<\/h4>\n<p><strong>Thomas Vorholt<br \/>\n<\/strong>managing director<\/p>\n<p><strong>Peter R\u00f6ssler<br \/>\n<\/strong>managing director, shareholder<\/p>\n[\/one-half]\n","protected":false},"excerpt":{"rendered":"<p>Omega Ho\u0159ovice spol. s r. o. Company Head Office: Pod N\u00e1dra\u017e\u00edm 1413\/30, Ho\u0159ovice 268 01 ID No.: 26429781, VAT ID: CZ26429781 The company is registered in the Trade Register administered by the Municipal Court in Prague, File C, File ref. 81623. Not sure\u2026 what job opportunities do we offer? what\u00b4s the best way to write [&hellip;]<\/p>\n","protected":false},"author":1,"featured_media":0,"parent":0,"menu_order":0,"comment_status":"closed","ping_status":"closed","template":"","meta":{"_genesis_hide_title":false,"_genesis_hide_breadcrumbs":false,"_genesis_hide_singular_image":false,"_genesis_hide_footer_widgets":false,"_genesis_custom_body_class":"","_genesis_custom_post_class":"","_genesis_layout":"","footnotes":""},"class_list":{"0":"post-336","1":"page","2":"type-page","3":"status-publish","5":"entry"},"_links":{"self":[{"href":"https:\/\/omega-convert.com\/en\/wp-json\/wp\/v2\/pages\/336\/"}],"collection":[{"href":"https:\/\/omega-convert.com\/en\/wp-json\/wp\/v2\/pages\/"}],"about":[{"href":"https:\/\/omega-convert.com\/en\/wp-json\/wp\/v2\/types\/page\/"}],"author":[{"embeddable":true,"href":"https:\/\/omega-convert.com\/en\/wp-json\/wp\/v2\/users\/1\/"}],"replies":[{"embeddable":true,"href":"https:\/\/omega-convert.com\/en\/wp-json\/wp\/v2\/comments\/?post=336"}],"version-history":[{"count":12,"href":"https:\/\/omega-convert.com\/en\/wp-json\/wp\/v2\/pages\/336\/revisions\/"}],"predecessor-version":[{"id":1120,"href":"https:\/\/omega-convert.com\/en\/wp-json\/wp\/v2\/pages\/336\/revisions\/1120\/"}],"wp:attachment":[{"href":"https:\/\/omega-convert.com\/en\/wp-json\/wp\/v2\/media\/?parent=336"}],"curies":[{"name":"wp","href":"https:\/\/api.w.org\/{rel}","templated":true}]}}